{"id":18,"date":"2020-06-10T09:19:28","date_gmt":"2020-06-10T07:19:28","guid":{"rendered":"https:\/\/domekwsosenkach.pl\/?page_id=18"},"modified":"2024-03-05T15:19:49","modified_gmt":"2024-03-05T14:19:49","slug":"o-nas","status":"publish","type":"page","link":"https:\/\/parkowapolana.nfhotel.usermd.net\/en\/","title":{"rendered":"About us"},"content":{"rendered":"<section id=\"section-2209-18\" class=\"ct-section\" ><div class=\"ct-section-inner-wrap\"><div id=\"div_block-2210-18\" class=\"ct-div-block\" ><div id=\"div_block-2220-18\" class=\"ct-div-block video\" >\n\t\t<div id=\"-carousel-builder-2542-18\" class=\"oxy-carousel-builder\" ><div class=\"oxy-carousel-builder_inner oxy-inner-content\" data-prev=\".oxy-carousel-builder_prev\" data-next=\".oxy-carousel-builder_next\" data-contain=\"true\" data-percent=\"true\" data-freescroll=\"false\" data-draggable=\"false\" data-wraparound=\"true\" data-carousel=\".oxy-dynamic-list\" data-cell=\"\" data-dragthreshold=\"3\" data-selectedattraction=\"0.025\" data-friction=\"0.28\" data-freescrollfriction=\"0.075\" data-forceheight=\"false\" data-fade=\"true\" data-tickerpause=\"true\" data-groupcells=\"1\" data-autoplay=\"4000\" data-pauseautoplay=\"false\" data-hash=\"false\" data-initial=\"1\" data-accessibility=\"true\" data-cellalign=\"center\" data-righttoleft=\"false\" data-images-loaded=\"true\" data-pagedots=\"false\" data-trigger-aos=\"false\" data-clickselect=\"false\" data-tick=\"false\" ><div id=\"_dynamic_list-2543-18\" class=\"oxy-dynamic-list\"><div id=\"div_block-2545-18-1\" class=\"ct-div-block\" data-id=\"div_block-2545-18\"><img decoding=\"async\" loading=\"lazy\" id=\"image-2548-18-1\" alt=\"\" src=\"https:\/\/parkowapolana.nfhotel.usermd.net\/wp-content\/uploads\/2024\/02\/Polanica-Zdroj-Park-Zdrojowy-scaled-e1709293941187.webp\" class=\"ct-image\" data-id=\"image-2548-18\"><\/div><div id=\"div_block-2545-18-2\" class=\"ct-div-block\" data-id=\"div_block-2545-18\"><img decoding=\"async\" loading=\"lazy\" id=\"image-2548-18-2\" alt=\"\" src=\"https:\/\/parkowapolana.nfhotel.usermd.net\/wp-content\/uploads\/2024\/02\/Polanica-Zdroj-Fontanny-scaled-e1709293965536.webp\" class=\"ct-image\" data-id=\"image-2548-18\"><\/div><div id=\"div_block-2545-18-3\" class=\"ct-div-block\" data-id=\"div_block-2545-18\"><img decoding=\"async\" loading=\"lazy\" id=\"image-2548-18-3\" alt=\"\" src=\"https:\/\/parkowapolana.nfhotel.usermd.net\/wp-content\/uploads\/2024\/02\/Polanica-Zdroj-strumyk-scaled-e1709294031655.webp\" class=\"ct-image\" data-id=\"image-2548-18\"><\/div><div id=\"div_block-2545-18-4\" class=\"ct-div-block\" data-id=\"div_block-2545-18\"><img decoding=\"async\" loading=\"lazy\" id=\"image-2548-18-4\" alt=\"\" src=\"https:\/\/parkowapolana.nfhotel.usermd.net\/wp-content\/uploads\/2024\/02\/Polanica-Zdroj-Mis-scaled-e1709294048392.webp\" class=\"ct-image\" data-id=\"image-2548-18\"><\/div><\/div>\n<\/div><\/div>\n\n\t\t<div id=\"code_block-2221-18\" class=\"ct-code-block\" ><div style=\"overflow:hidden;height:100%\">\n  <video autoplay loop muted playsinline style=\"width:100%;height:100%;object-fit:cover\">\n    <source src=\"\" type=\"video\/mp4\">\n  <\/video>\n<\/div><\/div><\/div><div id=\"div_block-2214-18\" class=\"ct-div-block\" ><h1 id=\"text_block-2215-18\" class=\"ct-text-block hero__title\"  data-aos=\"fade-up\" data-aos-duration=\"600\" data-aos-once=\"true\">Parkowa Polana<br><\/h1><div id=\"div_block-2483-18\" class=\"ct-div-block\"  data-aos=\"fade-right\" data-aos-duration=\"400\" data-aos-delay=\"700\"><\/div><h2 id=\"text_block-2216-18\" class=\"ct-text-block hero__subtitle\"  data-aos=\"fade-up\" data-aos-duration=\"600\" data-aos-delay=\"300\">Apartamenty polanica Zdr\u00f3j<br><\/h2><\/div><\/div><\/div><\/section><section id=\"section-2515-18\" class=\"ct-section\" ><div class=\"ct-section-inner-wrap\"><div id=\"div_block-2516-18\" class=\"ct-div-block\"  data-aos=\"fade-up\" data-aos-duration=\"600\"><img decoding=\"async\" loading=\"lazy\" id=\"image-2517-18\" alt=\"Parkowa Polana - budynek\" src=\"https:\/\/parkowapolana.nfhotel.usermd.net\/wp-content\/uploads\/2024\/02\/Projekt-bez-nazwy-1.png\" class=\"ct-image image-size cover-image\"\/><\/div><div id=\"div_block-2518-18\" class=\"ct-div-block\"  data-aos=\"fade-right\" data-aos-duration=\"700\"><div id=\"text_block-2519-18\" class=\"ct-text-block subtitle_u\" >About us<\/div><div id=\"text_block-2521-18\" class=\"ct-text-block title\" >Apartamenty Parkowa Polana<\/div><div id=\"text_block-2522-18\" class=\"ct-text-block txt m-top-2\" >Apartamenty mieszcz\u0105 si\u0119 w kompleksie Parkowa Polana w Polanicy Zdroju, tu\u017c obok zielonego parku. W kilka minut dojdziecie st\u0105d do pijalni w\u00f3d i centrum miasta. Cisza i spok\u00f3j wok\u00f3\u0142, a na dole budynku s\u0105 gabinety masa\u017cu i rehabilitacji - super miejsce na odpoczynek.<br><br>Doskona\u0142y mikroklimat i wody lecznicze, w jakie obfituje Polanica Zdr\u00f3j, stanowi\u0105 idealn\u0105 baz\u0119 infrastrukturaln\u0105 przy rozmaitych zabiegach leczniczych i kursach rehabilitacji.<br><\/div><\/div><\/div><\/section><section id=\"section-1291-18\" class=\"ct-section\" ><div class=\"ct-section-inner-wrap\"><div id=\"div_block-2207-18\" class=\"ct-div-block\" ><img decoding=\"async\" loading=\"lazy\" id=\"image-2444-18\" alt=\"\" src=\"https:\/\/parkowapolana.nfhotel.usermd.net\/wp-content\/uploads\/2024\/02\/Park-Polanica-Zdroj-scaled.webp\" class=\"ct-image cover-image\"\/><div id=\"div_block-2208-18\" class=\"ct-div-block\" ><div id=\"div_block-1309-18\" class=\"ct-div-block\"  data-aos=\"fade-left\" data-aos-duration=\"1000\" data-aos-once=\"true\"><div id=\"text_block-2338-18\" class=\"ct-text-block title title--white\" >Polanica Zdr\u00f3j<\/div><div id=\"text_block-2412-18\" class=\"ct-text-block\" ><div style=\"text-align: left;\">Apartamenty i pokoje go\u015bcinne w Polanicy Zdroju po\u0142o\u017cone przy Parku Zdrojowym, w malowniczym miejscu, jakim jest Polanica Zdr\u00f3j. W samym mie\u015bcie jak i okolicy znajdziesz wiele ciekawych atrakcji.<\/div><\/div><div id=\"div_block-2413-18\" class=\"ct-div-block\" ><div id=\"div_block-2414-18\" class=\"ct-div-block amenities-li\" ><div id=\"fancy_icon-2415-18\" class=\"ct-fancy-icon\" ><svg id=\"svg-fancy_icon-2415-18\"><use xlink:href=\"#FontAwesomeicon-check\"><\/use><\/svg><\/div><div id=\"text_block-2416-18\" class=\"ct-text-block\" >Wyj\u0105tkowy mikroklimat<\/div><\/div><div id=\"div_block-2417-18\" class=\"ct-div-block amenities-li\" ><div id=\"fancy_icon-2418-18\" class=\"ct-fancy-icon\" ><svg id=\"svg-fancy_icon-2418-18\"><use xlink:href=\"#FontAwesomeicon-check\"><\/use><\/svg><\/div><div id=\"text_block-2419-18\" class=\"ct-text-block\" >Miejscowo\u015b\u0107 uzdrowiskowa<\/div><\/div><div id=\"div_block-2420-18\" class=\"ct-div-block amenities-li\" ><div id=\"fancy_icon-2421-18\" class=\"ct-fancy-icon\" ><svg id=\"svg-fancy_icon-2421-18\"><use xlink:href=\"#FontAwesomeicon-check\"><\/use><\/svg><\/div><div id=\"text_block-2422-18\" class=\"ct-text-block\" >Szlaki piesze<\/div><\/div><div id=\"div_block-2423-18\" class=\"ct-div-block amenities-li\" ><div id=\"fancy_icon-2424-18\" class=\"ct-fancy-icon\" ><svg id=\"svg-fancy_icon-2424-18\"><use xlink:href=\"#FontAwesomeicon-check\"><\/use><\/svg><\/div><div id=\"text_block-2425-18\" class=\"ct-text-block\" >Szlaki rowerowe<\/div><\/div><div id=\"div_block-2426-18\" class=\"ct-div-block amenities-li\" ><div id=\"fancy_icon-2427-18\" class=\"ct-fancy-icon\" ><svg id=\"svg-fancy_icon-2427-18\"><use xlink:href=\"#FontAwesomeicon-check\"><\/use><\/svg><\/div><div id=\"text_block-2428-18\" class=\"ct-text-block\" >Stoki narciarskie<\/div><\/div><div id=\"div_block-2429-18\" class=\"ct-div-block amenities-li\" ><div id=\"fancy_icon-2430-18\" class=\"ct-fancy-icon\" ><svg id=\"svg-fancy_icon-2430-18\"><use xlink:href=\"#FontAwesomeicon-check\"><\/use><\/svg><\/div><div id=\"text_block-2431-18\" class=\"ct-text-block\" >Atrakcje dla dzieci<\/div><\/div><\/div><\/div><\/div><\/div><\/div><\/section><section id=\"section-2329-18\" class=\"ct-section\" ><div class=\"ct-section-inner-wrap\"><div id=\"div_block-2330-18\" class=\"ct-div-block\" ><div id=\"div_block-2467-18\" class=\"ct-div-block nf-room-description\" data-no-translation=\"\" ><div id=\"div_block-2471-18\" class=\"ct-div-block\" ><div id=\"text_block-2472-18\" class=\"ct-text-block subtitle_u\" >Apartamenty Parkowa polana<\/div><div id=\"text_block-2473-18\" class=\"ct-text-block nf-room-name title\" >O apartamentach<\/div><div id=\"text_block-2474-18\" class=\"ct-text-block txt\" >W naszych apartamentach znajdziecie nowoczesne wn\u0119trza, kt\u00f3re s\u0105 jednocze\u015bnie bardzo przytulne. Zadbali\u015bmy o to, \u017ceby\u015bcie czuli si\u0119 jak w domu. W apartamentach s\u0105 kuchnie, balkony i wygodne \u0142azienki - wszystko, co potrzebne do komfortowego wypoczynku.<br><br><br> <\/div><a id=\"link_text-2475-18\" class=\"ct-link-text btn btn--primary\" href=\"https:\/\/parkowapolana.nfhotel.usermd.net\/apartamenty\/\"   >Szczeg\u00f3\u0142y<\/a><\/div><div id=\"div_block-2468-18\" class=\"ct-div-block\" ><img decoding=\"async\" loading=\"lazy\" id=\"image-2638-18\" alt=\"\" src=\"https:\/\/parkowapolana.nfhotel.usermd.net\/wp-content\/uploads\/2024\/02\/Polanica-Zdroj-apartament-Parkowa-Polana.jpg\" class=\"ct-image\"\/><\/div><\/div><\/div><\/div><\/section><section id=\"section-2335-18\" class=\"ct-section\" ><div class=\"ct-section-inner-wrap\"><div id=\"div_block-2279-18\" class=\"ct-div-block\" ><div id=\"div_block-2280-18\" class=\"ct-div-block\" ><div id=\"text_block-2281-18\" class=\"ct-text-block subtitle_u\" >Apartamenty Parkowa polana<\/div><div id=\"text_block-2394-18\" class=\"ct-text-block title\" >Co nas wyr\u00f3\u017cnia?<\/div><\/div><div id=\"div_block-2285-18\" class=\"ct-div-block\" ><div id=\"div_block-2456-18\" class=\"ct-div-block\"  data-aos=\"fade-down\" data-aos-duration=\"1000\"><div id=\"div_block-2286-18\" class=\"ct-div-block icon-box-vertical\" ><div id=\"fancy_icon-2287-18\" class=\"ct-fancy-icon icon-vertical\" ><svg id=\"svg-fancy_icon-2287-18\"><use xlink:href=\"#ikonkiicon-icon141glyph_belhop\"><\/use><\/svg><\/div><div id=\"text_block-2288-18\" class=\"ct-text-block icon-title-vertical\" >Komfort pobytu<\/div><\/div><\/div><div id=\"div_block-2528-18\" class=\"ct-div-block\"  data-aos=\"fade-down\" data-aos-duration=\"1000\"><div id=\"div_block-2529-18\" class=\"ct-div-block icon-box-vertical\" ><div id=\"fancy_icon-2530-18\" class=\"ct-fancy-icon icon-vertical\" ><svg id=\"svg-fancy_icon-2530-18\"><use xlink:href=\"#ikonkiicon-Hotel-Building\"><\/use><\/svg><\/div><div id=\"text_block-2531-18\" class=\"ct-text-block icon-title-vertical\" >Balkon<\/div><\/div><\/div><div id=\"div_block-2463-18\" class=\"ct-div-block\"  data-aos=\"fade-down\" data-aos-duration=\"1000\"><div id=\"div_block-2292-18\" class=\"ct-div-block icon-box-vertical\" ><div id=\"fancy_icon-2293-18\" class=\"ct-fancy-icon icon-vertical\" ><svg id=\"svg-fancy_icon-2293-18\"><use xlink:href=\"#FontAwesomeicon-tree\"><\/use><\/svg><\/div><div id=\"text_block-2294-18\" class=\"ct-text-block icon-title-vertical\" >Zielona okolica<\/div><\/div><\/div><\/div><div id=\"div_block-2527-18\" class=\"ct-div-block\" ><div id=\"div_block-2535-18\" class=\"ct-div-block\"  data-settings-id=\"3094\" data-aos=\"fade-up\" data-aos-duration=\"1000\"><div id=\"div_block-2539-18\" class=\"ct-div-block icon-box-vertical\" ><div id=\"fancy_icon-2540-18\" class=\"ct-fancy-icon icon-vertical\" ><svg id=\"svg-fancy_icon-2540-18\"><use xlink:href=\"#FontAwesomeicon-paw\"><\/use><\/svg><\/div><div id=\"text_block-2541-18\" class=\"ct-text-block icon-title-vertical\" >Akceptujemy zwierzeta<\/div><\/div><\/div><div id=\"div_block-2620-18\" class=\"ct-div-block\"  data-settings-id=\"3094\" data-aos=\"fade-up\" data-aos-duration=\"1000\"><div id=\"div_block-2621-18\" class=\"ct-div-block icon-box-vertical\" ><div id=\"fancy_icon-2622-18\" class=\"ct-fancy-icon icon-vertical\" ><svg id=\"svg-fancy_icon-2622-18\"><use xlink:href=\"#ikonkiicon-Artboard-29\"><\/use><\/svg><\/div><div id=\"text_block-2623-18\" class=\"ct-text-block icon-title-vertical\" >Aneks kuchenny<br><\/div><\/div><\/div><div id=\"div_block-2624-18\" class=\"ct-div-block\"  data-settings-id=\"3094\" data-aos=\"fade-up\" data-aos-duration=\"1000\"><div id=\"div_block-2625-18\" class=\"ct-div-block icon-box-vertical\" ><div id=\"fancy_icon-2626-18\" class=\"ct-fancy-icon icon-vertical\" ><svg id=\"svg-fancy_icon-2626-18\"><use xlink:href=\"#FontAwesomeicon-shower\"><\/use><\/svg><\/div><div id=\"text_block-2627-18\" class=\"ct-text-block icon-title-vertical\" >\u0141azienka z prysznicem<\/div><\/div><\/div><\/div><\/div><\/div><\/section><section id=\"section-2265-18\" class=\"ct-section cta\" ><div class=\"ct-section-inner-wrap\"><div id=\"div_block-2275-18\" class=\"ct-div-block\" ><img decoding=\"async\" loading=\"lazy\" id=\"image-2266-18\" alt=\"\" src=\"https:\/\/parkowapolana.nfhotel.usermd.net\/wp-content\/uploads\/2024\/02\/Polanica-Zdroj-Park-Zdrojowy-scaled.webp\" class=\"ct-image cta-image cover-img\"\/><div id=\"div_block-2268-18\" class=\"ct-div-block cta-content\"  data-aos=\"fade-up\" data-aos-duration=\"1000\" data-aos-easing=\"ease-in-out\" data-aos-once=\"true\"><h1 id=\"headline-2269-18\" class=\"ct-headline title title--white\">Rezerwuj najbli\u017cszy urlop<\/h1><div id=\"text_block-2270-18\" class=\"ct-text-block txt txt--white cta-content__txt\" >Skontaktuj si\u0119 z nami i zrezerwuj sw\u00f3j pobyt w Apartamentach Parkowa Polana.<\/div><a id=\"div_block-2408-18\" class=\"ct-link btn btn--primary m-top-2 nf-button\" href=\"https:\/\/parkowapolana.nfhotel.usermd.net\/en\/kontakt\/\"   ><div id=\"text_block-2409-18\" class=\"ct-text-block\" >Contact<\/div><\/a><\/div><\/div><\/div><\/section><section id=\"section-2432-18\" class=\"ct-section\" ><div class=\"ct-section-inner-wrap\"><div id=\"div_block-2433-18\" class=\"ct-div-block\"  data-aos=\"fade-right\" data-aos-duration=\"600\"><img decoding=\"async\" loading=\"lazy\" id=\"image-2434-18\" alt=\"\" src=\"https:\/\/parkowapolana.nfhotel.usermd.net\/wp-content\/uploads\/2024\/02\/Szczeliniec-Wielki.jpg\" class=\"ct-image image-size cover-image\"\/><\/div><div id=\"div_block-2435-18\" class=\"ct-div-block\"  data-aos=\"fade-up\" data-aos-duration=\"600\" data-aos-delay=\"300\"><div id=\"text_block-2436-18\" class=\"ct-text-block subtitle_u\" >Nasza okolica<\/div><div id=\"text_block-2438-18\" class=\"ct-text-block title\" >Ziemia K\u0142odzka<\/div><div id=\"text_block-2439-18\" class=\"ct-text-block txt m-top-2\" >Polanica Zdr\u00f3j i region Ziemi K\u0142odzkiej nale\u017cy do najpi\u0119kniejszych w Polsce! To \u015bwietne miejsce na wypoczynek o ka\u017cdej porze roku. Latem uzdrowisko przyci\u0105ga turyst\u00f3w i kuracjuszy wyj\u0105tkowym mikroklimatem, a mi\u0142o\u015bnikom w\u0119dr\u00f3wek po malowniczych szlakach g\u00f3rskich oferuje pi\u0119kne widoki i blisko\u015b\u0107 natury. To idealny czas na odkrywanie okolicznych atrakcji pieszo lub rowerem, korzystaj\u0105c z dobrze przygotowanych tras.&nbsp;<br><br>Zima za\u015b zamienia Polanic\u0119 i jej okolice w raj dla mi\u0142o\u015bnik\u00f3w sport\u00f3w zimowych. Najwi\u0119kszy w Polsce kompleks Zieleniec Sport Arena zapewnia doskona\u0142e warunki do jazdy na nartach, snowboardzie czy saneczkach.<\/div><a id=\"link_text-2443-18\" class=\"ct-link-text btn btn--primary m-top-2\" href=\"https:\/\/parkowapolana.nfhotel.usermd.net\/en\/atrakcje\/\"   >Dowiedz si\u0119 wi\u0119cej<\/a><\/div><\/div><\/section><section id=\"section-2647-18\" class=\"ct-section cta\" ><div class=\"ct-section-inner-wrap\"><div id=\"div_block-2648-18\" class=\"ct-div-block\" ><img decoding=\"async\" loading=\"lazy\" id=\"image-2649-18\" alt=\"\" src=\"https:\/\/parkowapolana.nfhotel.usermd.net\/wp-content\/uploads\/2024\/03\/Swiatynia-Wang-Karpacz.jpg\" class=\"ct-image cta-image cover-img\"\/><div id=\"div_block-2650-18\" class=\"ct-div-block cta-content\"  data-aos=\"fade-up\" data-aos-duration=\"1000\" data-aos-easing=\"ease-in-out\" data-aos-once=\"true\"><img decoding=\"async\"  id=\"image-2656-18\" alt=\"\" src=\"https:\/\/parkowapolana.nfhotel.usermd.net\/wp-content\/uploads\/2024\/03\/footer-logo.png\" class=\"ct-image\"\/><div id=\"text_block-2652-18\" class=\"ct-text-block txt txt--white cta-content__txt\" >Zobacz r\u00f3wnie\u017c nasz obiekt Willa Modrzew w Karpaczu!<br><\/div><a id=\"link-2653-18\" class=\"ct-link btn btn--primary m-top-2 nf-button\" href=\"http:\/\/willamodrzew.pl\/\"   ><div id=\"text_block-2654-18\" class=\"ct-text-block\" >Zobacz<\/div><\/a><\/div><\/div><\/div><\/section>","protected":false},"excerpt":{"rendered":"","protected":false},"author":1,"featured_media":0,"parent":0,"menu_order":0,"comment_status":"closed","ping_status":"closed","template":"","meta":{"_acf_changed":false,"footnotes":""},"acf":[],"yoast_head":"<!-- This site is optimized with the Yoast SEO plugin v22.1 - https:\/\/yoast.com\/wordpress\/plugins\/seo\/ -->\n<title>Parkowa Polana - apartamenty w Polanicy Zdr\u00f3j<\/title>\n<meta name=\"description\" content=\"Zapraszamy do Apartament\u00f3w Parkowa Polana - komfortowych apartament\u00f3w po\u0142o\u017conych w uzdrowisku Polanica Zdr\u00f3j\" \/>\n<meta name=\"robots\" content=\"noindex, follow, max-snippet:-1, max-image-preview:large, max-video-preview:-1\" \/>\n<meta property=\"og:locale\" content=\"en_GB\" \/>\n<meta property=\"og:type\" content=\"article\" \/>\n<meta property=\"og:title\" content=\"Parkowa Polana - apartamenty w Polanicy Zdr\u00f3j\" \/>\n<meta property=\"og:description\" content=\"Zapraszamy do Apartament\u00f3w Parkowa Polana - komfortowych apartament\u00f3w po\u0142o\u017conych w uzdrowisku Polanica Zdr\u00f3j\" \/>\n<meta property=\"og:url\" content=\"https:\/\/parkowapolana.nfhotel.usermd.net\/en\/\" \/>\n<meta property=\"og:site_name\" content=\"Parkowa Polana - apartamenty Polanica Zdr\u00f3j\" \/>\n<meta property=\"article:modified_time\" content=\"2024-03-05T14:19:49+00:00\" \/>\n<meta name=\"twitter:card\" content=\"summary_large_image\" \/>\n<meta name=\"twitter:label1\" content=\"Estimated reading time\" \/>\n\t<meta name=\"twitter:data1\" content=\"4 minutes\" \/>\n<script type=\"application\/ld+json\" class=\"yoast-schema-graph\">{\"@context\":\"https:\/\/schema.org\",\"@graph\":[{\"@type\":\"WebPage\",\"@id\":\"https:\/\/parkowapolana.nfhotel.usermd.net\/\",\"url\":\"https:\/\/parkowapolana.nfhotel.usermd.net\/\",\"name\":\"Parkowa Polana - apartamenty w Polanicy Zdr\u00f3j\",\"isPartOf\":{\"@id\":\"https:\/\/parkowapolana.nfhotel.usermd.net\/#website\"},\"datePublished\":\"2020-06-10T07:19:28+00:00\",\"dateModified\":\"2024-03-05T14:19:49+00:00\",\"description\":\"Zapraszamy do Apartament\u00f3w Parkowa Polana - komfortowych apartament\u00f3w po\u0142o\u017conych w uzdrowisku Polanica Zdr\u00f3j\",\"breadcrumb\":{\"@id\":\"https:\/\/parkowapolana.nfhotel.usermd.net\/#breadcrumb\"},\"inLanguage\":\"en-GB\",\"potentialAction\":[{\"@type\":\"ReadAction\",\"target\":[\"https:\/\/parkowapolana.nfhotel.usermd.net\/\"]}]},{\"@type\":\"BreadcrumbList\",\"@id\":\"https:\/\/parkowapolana.nfhotel.usermd.net\/#breadcrumb\",\"itemListElement\":[{\"@type\":\"ListItem\",\"position\":1,\"name\":\"Strona g\u0142\u00f3wna\",\"item\":\"https:\/\/parkowapolana.nfhotel.usermd.net\/\"},{\"@type\":\"ListItem\",\"position\":2,\"name\":\"O nas\"}]},{\"@type\":\"WebSite\",\"@id\":\"https:\/\/parkowapolana.nfhotel.usermd.net\/#website\",\"url\":\"https:\/\/parkowapolana.nfhotel.usermd.net\/\",\"name\":\"Parkowa Polana - apartamenty Polanica Zdr\u00f3j\",\"description\":\"Apartamenty w Polanicy Zdroju\",\"potentialAction\":[{\"@type\":\"SearchAction\",\"target\":{\"@type\":\"EntryPoint\",\"urlTemplate\":\"https:\/\/parkowapolana.nfhotel.usermd.net\/?s={search_term_string}\"},\"query-input\":\"required name=search_term_string\"}],\"inLanguage\":\"en-GB\"}]}<\/script>\n<!-- \/ Yoast SEO plugin. -->","yoast_head_json":{"title":"Parkowa Polana - apartamenty w Polanicy Zdr\u00f3j","description":"Zapraszamy do Apartament\u00f3w Parkowa Polana - komfortowych apartament\u00f3w po\u0142o\u017conych w uzdrowisku Polanica Zdr\u00f3j","robots":{"index":"noindex","follow":"follow","max-snippet":"max-snippet:-1","max-image-preview":"max-image-preview:large","max-video-preview":"max-video-preview:-1"},"og_locale":"en_GB","og_type":"article","og_title":"Parkowa Polana - apartamenty w Polanicy Zdr\u00f3j","og_description":"Zapraszamy do Apartament\u00f3w Parkowa Polana - komfortowych apartament\u00f3w po\u0142o\u017conych w uzdrowisku Polanica Zdr\u00f3j","og_url":"https:\/\/parkowapolana.nfhotel.usermd.net\/en\/","og_site_name":"Parkowa Polana - apartamenty Polanica Zdr\u00f3j","article_modified_time":"2024-03-05T14:19:49+00:00","twitter_card":"summary_large_image","twitter_misc":{"Estimated reading time":"4 minutes"},"schema":{"@context":"https:\/\/schema.org","@graph":[{"@type":"WebPage","@id":"https:\/\/parkowapolana.nfhotel.usermd.net\/","url":"https:\/\/parkowapolana.nfhotel.usermd.net\/","name":"Parkowa Polana - apartamenty w Polanicy Zdr\u00f3j","isPartOf":{"@id":"https:\/\/parkowapolana.nfhotel.usermd.net\/#website"},"datePublished":"2020-06-10T07:19:28+00:00","dateModified":"2024-03-05T14:19:49+00:00","description":"Zapraszamy do Apartament\u00f3w Parkowa Polana - komfortowych apartament\u00f3w po\u0142o\u017conych w uzdrowisku Polanica Zdr\u00f3j","breadcrumb":{"@id":"https:\/\/parkowapolana.nfhotel.usermd.net\/#breadcrumb"},"inLanguage":"en-GB","potentialAction":[{"@type":"ReadAction","target":["https:\/\/parkowapolana.nfhotel.usermd.net\/"]}]},{"@type":"BreadcrumbList","@id":"https:\/\/parkowapolana.nfhotel.usermd.net\/#breadcrumb","itemListElement":[{"@type":"ListItem","position":1,"name":"Strona g\u0142\u00f3wna","item":"https:\/\/parkowapolana.nfhotel.usermd.net\/"},{"@type":"ListItem","position":2,"name":"O nas"}]},{"@type":"WebSite","@id":"https:\/\/parkowapolana.nfhotel.usermd.net\/#website","url":"https:\/\/parkowapolana.nfhotel.usermd.net\/","name":"Parkowa Polana - apartamenty Polanica Zdr\u00f3j","description":"Apartamenty w Polanicy Zdroju","potentialAction":[{"@type":"SearchAction","target":{"@type":"EntryPoint","urlTemplate":"https:\/\/parkowapolana.nfhotel.usermd.net\/?s={search_term_string}"},"query-input":"required name=search_term_string"}],"inLanguage":"en-GB"}]}},"_links":{"self":[{"href":"https:\/\/parkowapolana.nfhotel.usermd.net\/en\/wp-json\/wp\/v2\/pages\/18"}],"collection":[{"href":"https:\/\/parkowapolana.nfhotel.usermd.net\/en\/wp-json\/wp\/v2\/pages"}],"about":[{"href":"https:\/\/parkowapolana.nfhotel.usermd.net\/en\/wp-json\/wp\/v2\/types\/page"}],"author":[{"embeddable":true,"href":"https:\/\/parkowapolana.nfhotel.usermd.net\/en\/wp-json\/wp\/v2\/users\/1"}],"replies":[{"embeddable":true,"href":"https:\/\/parkowapolana.nfhotel.usermd.net\/en\/wp-json\/wp\/v2\/comments?post=18"}],"version-history":[{"count":132,"href":"https:\/\/parkowapolana.nfhotel.usermd.net\/en\/wp-json\/wp\/v2\/pages\/18\/revisions"}],"predecessor-version":[{"id":1748,"href":"https:\/\/parkowapolana.nfhotel.usermd.net\/en\/wp-json\/wp\/v2\/pages\/18\/revisions\/1748"}],"wp:attachment":[{"href":"https:\/\/parkowapolana.nfhotel.usermd.net\/en\/wp-json\/wp\/v2\/media?parent=18"}],"curies":[{"name":"wp","href":"https:\/\/api.w.org\/{rel}","templated":true}]}}