{"id":556,"date":"2020-09-10T15:35:16","date_gmt":"2020-09-10T13:35:16","guid":{"rendered":"https:\/\/domekwsosenkach.pl\/?page_id=556"},"modified":"2024-03-04T13:06:06","modified_gmt":"2024-03-04T12:06:06","slug":"kontakt","status":"publish","type":"page","link":"https:\/\/parkowapolana.nfhotel.usermd.net\/de\/kontakt\/","title":{"rendered":"Kontakt"},"content":{"rendered":"<section id=\"section-2-16\" class=\"ct-section\" ><div class=\"ct-section-inner-wrap\"><div id=\"div_block-3-16\" class=\"ct-div-block\" ><div id=\"div_block-4-16\" class=\"ct-div-block\" ><div id=\"text_block-5-16\" class=\"ct-text-block hero__title\"  data-aos=\"fade-right\" data-aos-duration=\"600\">Kontakt<\/div><div id=\"text_block-6-16\" class=\"ct-text-block hero__subtitle\"  data-aos=\"fade-right\" data-aos-duration=\"600\" data-aos-delay=\"300\">Schreiben Sie uns<\/div><\/div><div id=\"div_block-7-16\" class=\"ct-div-block\" ><\/div><\/div><\/div><\/section><section id=\"section-11-16\" class=\"ct-section\" ><div class=\"ct-section-inner-wrap\"><div id=\"div_block-13-16\" class=\"ct-div-block\" ><div id=\"text_block-15-16\" class=\"ct-text-block title\" >Parkowa Polana<br><\/div><div id=\"div_block-16-16\" class=\"ct-div-block\" ><a id=\"link-21-16\" class=\"ct-link contact-link\" href=\"https:\/\/maps.app.goo.gl\/fc4Md3CgeU2wijpeA\"   ><div id=\"fancy_icon-77-556\" class=\"ct-fancy-icon\" ><svg id=\"svg-fancy_icon-77-556\"><use xlink:href=\"#FontAwesomeicon-map-marker\"><\/use><\/svg><\/div><div id=\"text_block-22-16\" class=\"ct-text-block txt\" ><span id=\"span-48-556\" class=\"ct-span\" >Aleja 1000-lecia 2, 57-320 Polanica Zdr\u00f3j<\/span><\/div><\/a><a id=\"link-54-16\" class=\"ct-link contact-link-icon\" href=\"tel: 48 501 071 920\" target=\"_self\"  ><div id=\"fancy_icon-55-16\" class=\"ct-fancy-icon\" ><svg id=\"svg-fancy_icon-55-16\"><use xlink:href=\"#FontAwesomeicon-phone-square\"><\/use><\/svg><\/div><div id=\"text_block-56-16\" class=\"ct-text-block txt\" ><span id=\"span-57-556\" class=\"ct-span\" >+48 501 071 920<\/span><\/div><\/a><a id=\"link-30-16\" class=\"ct-link contact-link-icon\" href=\"mailto:lantur@op.pl\" target=\"_self\"  ><div id=\"fancy_icon-31-16\" class=\"ct-fancy-icon\" ><svg id=\"svg-fancy_icon-31-16\"><use xlink:href=\"#FontAwesomeicon-envelope\"><\/use><\/svg><\/div><div id=\"text_block-32-16\" class=\"ct-text-block txt\" ><span id=\"span-53-556\" class=\"ct-span\" >lantur@op.pl<\/span><\/div><\/a><div id=\"text_block-65-556\" class=\"ct-text-block txt\" ><br><\/div><\/div><div id=\"div_block-40-16\" class=\"ct-div-block\" ><\/div><\/div><div id=\"div_block-14-16\" class=\"ct-div-block\" ><div id=\"code_block-34-16\" class=\"ct-code-block\" ><iframe src=\"https:\/\/www.google.com\/maps\/embed?pb=!1m14!1m8!1m3!1d5085.495983458588!2d16.505314!3d50.408534!3m2!1i1024!2i768!4f13.1!3m3!1m2!1s0x470e1384bd8f7f75%3A0x23b147bbe842af00!2sApartament%20w%20Polanicy%20Zdr%C3%B3j%20-%20Parkowa%20Polana!5e0!3m2!1spl!2spl!4v1709290100131!5m2!1spl!2spl\" width=\"100%\" height=\"100%\" style=\"border:0;\" allowfullscreen=\"\" loading=\"lazy\" referrerpolicy=\"no-referrer-when-downgrade\"><\/iframe>\n<\/div><\/div><\/div><\/section><section id=\"section-35-16\" class=\"ct-section\" ><div class=\"ct-section-inner-wrap\"><div id=\"text_block-36-16\" class=\"ct-text-block title\" >Schreiben Sie uns<\/div><div id=\"div_block-38-16\" class=\"ct-div-block\" ><div id=\"shortcode-39-16\" class=\"ct-shortcode txt\" ><div class='fluentform ff-default fluentform_wrapper_3 ffs_default_wrap'><form data-form_id=\"3\" id=\"fluentform_3\" class=\"frm-fluent-form fluent_form_3 ff-el-form-top ff_form_instance_3_1 ff-form-loading ffs_default\" data-form_instance=\"ff_form_instance_3_1\" method=\"POST\" action=\"\" ><fieldset  style=\"border: none!important;margin: 0!important;padding: 0!important;background-color: transparent!important;box-shadow: none!important;outline: none!important; min-inline-size: 100%;\">\n                    <legend class=\"ff_screen_reader_title\" style=\"display: block; margin: 0!important;padding: 0!important;height: 0!important;text-indent: -999999px;width: 0!important;overflow:hidden;\">Formularz kontaktowy<\/legend><input type='hidden' name='__fluent_form_embded_post_id' value='556' \/><input type=\"hidden\" id=\"_fluentform_3_fluentformnonce\" name=\"_fluentform_3_fluentformnonce\" value=\"ac68db23cf\" \/><input type=\"hidden\" name=\"_wp_http_referer\" value=\"\/de\/wp-json\/wp\/v2\/pages\/556\" \/><div data-type=\"name-element\" data-name=\"names\" class=\"ff-field_container ff-name-field-wrapper\" ><div class='ff-t-container'><div class='ff-t-cell'><div class='ff-el-group  ff-el-form-top'><div class=\"ff-el-input--label ff-el-is-required asterisk-right\"><label for='ff_3_names_first_name_' aria-label=\"Imi\u0119\">Imi\u0119<\/label><\/div><div class='ff-el-input--content'><input type=\"text\" name=\"names[first_name]\" id=\"ff_3_names_first_name_\" class=\"ff-el-form-control\" placeholder=\"Imi\u0119\" aria-invalid=\"false\" aria-required=\"true\"><\/div><\/div><\/div><div class='ff-t-cell'><div class='ff-el-group  ff-el-form-top'><div class=\"ff-el-input--label ff-el-is-required asterisk-right\"><label for='ff_3_names_last_name_' aria-label=\"Nazwisko\">Nazwisko<\/label><\/div><div class='ff-el-input--content'><input type=\"text\" name=\"names[last_name]\" id=\"ff_3_names_last_name_\" class=\"ff-el-form-control\" placeholder=\"Nazwisko\" aria-invalid=\"false\" aria-required=\"true\"><\/div><\/div><\/div><\/div><\/div><div class='ff-el-group'><div class=\"ff-el-input--label ff-el-is-required asterisk-right\"><label for='ff_3_input_text' aria-label=\"Telefonnummer\">Telefonnummer<\/label><\/div><div class='ff-el-input--content'><input type=\"text\" name=\"input_text\" class=\"ff-el-form-control\" placeholder=\"Telefonnummer\" data-name=\"input_text\" id=\"ff_3_input_text\"  aria-invalid=\"false\" aria-required=\"true\"><\/div><\/div><div class='ff-el-group'><div class=\"ff-el-input--label ff-el-is-required asterisk-right\"><label for='ff_3_email' aria-label=\"Email\">Email<\/label><\/div><div class='ff-el-input--content'><input type=\"email\" name=\"email\" id=\"ff_3_email\" class=\"ff-el-form-control\" placeholder=\"E-mail\" data-name=\"email\"  aria-invalid=\"false\" aria-required=\"true\"><\/div><\/div><div class='ff-el-group'><div class=\"ff-el-input--label asterisk-right\"><label for='ff_3_description' aria-label=\"Nachricht\">Nachricht<\/label><\/div><div class='ff-el-input--content'><textarea aria-invalid=\"false\" aria-required=\"false\" name=\"description\" id=\"ff_3_description\" class=\"ff-el-form-control\" placeholder=\"Napisz wiadomo\u015b\u0107\" rows=\"3\" cols=\"2\" data-name=\"description\" ><\/textarea><\/div><\/div><div class='ff-el-group ff-text-left ff_submit_btn_wrapper'><button type=\"submit\" class=\"ff-btn ff-btn-submit ff-btn-md btn btn--primary ff_btn_style\" >Wy\u015blij<\/button><\/div><\/fieldset><input type=\"hidden\" name=\"trp-form-language\" value=\"de\"\/><\/form><div id='fluentform_3_errors' class='ff-errors-in-stack ff_form_instance_3_1 ff-form-loading_errors ff_form_instance_3_1_errors'><\/div><\/div>        <script type=\"text\/javascript\">\n            window.fluent_form_ff_form_instance_3_1 = {\"id\":\"3\",\"settings\":{\"layout\":{\"labelPlacement\":\"top\",\"helpMessagePlacement\":\"with_label\",\"errorMessagePlacement\":\"inline\",\"cssClassName\":\"\",\"asteriskPlacement\":\"asterisk-right\"},\"restrictions\":{\"denyEmptySubmission\":{\"enabled\":false}}},\"form_instance\":\"ff_form_instance_3_1\",\"form_id_selector\":\"fluentform_3\",\"rules\":{\"names[first_name]\":{\"required\":{\"value\":true,\"message\":\"To pole jest wymagane\",\"global_message\":\"This field is required\",\"global\":false}},\"names[middle_name]\":{\"required\":{\"value\":false,\"message\":\"Dieses Feld ist erforderlich\",\"global_message\":\"This field is required\",\"global\":true}},\"names[last_name]\":{\"required\":{\"value\":true,\"message\":\"To pole jest wymagane\",\"global_message\":\"This field is required\",\"global\":false}},\"input_text\":{\"required\":{\"value\":true,\"message\":\"To pole jest wymagane\",\"global_message\":\"This field is required\",\"global\":false}},\"email\":{\"required\":{\"value\":true,\"message\":\"To pole jest wymagane\",\"global_message\":\"This field is required\",\"global\":false},\"email\":{\"value\":true,\"message\":\"Dieses Feld muss eine g\\u00fcltige E-Mail-Adresse enthalten\",\"global_message\":\"This field must contain a valid email\",\"global\":true}},\"description\":{\"required\":{\"value\":false,\"message\":\"Dieses Feld ist erforderlich\",\"global_message\":\"This field is required\",\"global\":true}}}};\n                    <\/script>\n        <\/div><\/div><div id=\"code_block-75-556\" class=\"ct-code-block\" > <\/div><\/div><\/section>","protected":false},"excerpt":{"rendered":"","protected":false},"author":1,"featured_media":1694,"parent":0,"menu_order":0,"comment_status":"closed","ping_status":"closed","template":"","meta":{"_acf_changed":false,"footnotes":""},"acf":[],"yoast_head":"<!-- This site is optimized with the Yoast SEO plugin v22.1 - https:\/\/yoast.com\/wordpress\/plugins\/seo\/ -->\n<title>Kontakt - Parkowa Polana - apartamenty Polanica Zdr\u00f3j<\/title>\n<meta name=\"description\" content=\"Masz pytania odno\u015bnie apartament\u00f3w Parkowa Polana? Skontaktuj si\u0119 z nami! Czekamy na Ciebie w Polanicy Zdroju!\" \/>\n<meta name=\"robots\" content=\"noindex, follow, max-snippet:-1, max-image-preview:large, max-video-preview:-1\" \/>\n<meta property=\"og:locale\" content=\"de_DE\" \/>\n<meta property=\"og:type\" content=\"article\" \/>\n<meta property=\"og:title\" content=\"Kontakt - Parkowa Polana - apartamenty Polanica Zdr\u00f3j\" \/>\n<meta property=\"og:description\" content=\"Masz pytania odno\u015bnie apartament\u00f3w Parkowa Polana? Skontaktuj si\u0119 z nami! Czekamy na Ciebie w Polanicy Zdroju!\" \/>\n<meta property=\"og:url\" content=\"https:\/\/parkowapolana.nfhotel.usermd.net\/de\/kontakt\/\" \/>\n<meta property=\"og:site_name\" content=\"Parkowa Polana - apartamenty Polanica Zdr\u00f3j\" \/>\n<meta property=\"article:modified_time\" content=\"2024-03-04T12:06:06+00:00\" \/>\n<meta property=\"og:image\" content=\"https:\/\/parkowapolana.nfhotel.usermd.net\/wp-content\/uploads\/2024\/02\/logo3_130_1.png\" \/>\n\t<meta property=\"og:image:width\" content=\"132\" \/>\n\t<meta property=\"og:image:height\" content=\"120\" \/>\n\t<meta property=\"og:image:type\" content=\"image\/png\" \/>\n<meta name=\"twitter:card\" content=\"summary_large_image\" \/>\n<meta name=\"twitter:label1\" content=\"Gesch\u00e4tzte Lesezeit\" \/>\n\t<meta name=\"twitter:data1\" content=\"1\u00a0Minute\" \/>\n<script type=\"application\/ld+json\" class=\"yoast-schema-graph\">{\"@context\":\"https:\/\/schema.org\",\"@graph\":[{\"@type\":\"WebPage\",\"@id\":\"https:\/\/parkowapolana.nfhotel.usermd.net\/kontakt\/\",\"url\":\"https:\/\/parkowapolana.nfhotel.usermd.net\/kontakt\/\",\"name\":\"Kontakt - Parkowa Polana - apartamenty Polanica Zdr\u00f3j\",\"isPartOf\":{\"@id\":\"https:\/\/parkowapolana.nfhotel.usermd.net\/#website\"},\"datePublished\":\"2020-09-10T13:35:16+00:00\",\"dateModified\":\"2024-03-04T12:06:06+00:00\",\"description\":\"Masz pytania odno\u015bnie apartament\u00f3w Parkowa Polana? Skontaktuj si\u0119 z nami! Czekamy na Ciebie w Polanicy Zdroju!\",\"breadcrumb\":{\"@id\":\"https:\/\/parkowapolana.nfhotel.usermd.net\/kontakt\/#breadcrumb\"},\"inLanguage\":\"de\",\"potentialAction\":[{\"@type\":\"ReadAction\",\"target\":[\"https:\/\/parkowapolana.nfhotel.usermd.net\/kontakt\/\"]}]},{\"@type\":\"BreadcrumbList\",\"@id\":\"https:\/\/parkowapolana.nfhotel.usermd.net\/kontakt\/#breadcrumb\",\"itemListElement\":[{\"@type\":\"ListItem\",\"position\":1,\"name\":\"Strona g\u0142\u00f3wna\",\"item\":\"https:\/\/parkowapolana.nfhotel.usermd.net\/\"},{\"@type\":\"ListItem\",\"position\":2,\"name\":\"Kontakt\"}]},{\"@type\":\"WebSite\",\"@id\":\"https:\/\/parkowapolana.nfhotel.usermd.net\/#website\",\"url\":\"https:\/\/parkowapolana.nfhotel.usermd.net\/\",\"name\":\"Parkowa Polana - apartamenty Polanica Zdr\u00f3j\",\"description\":\"Apartamenty w Polanicy Zdroju\",\"potentialAction\":[{\"@type\":\"SearchAction\",\"target\":{\"@type\":\"EntryPoint\",\"urlTemplate\":\"https:\/\/parkowapolana.nfhotel.usermd.net\/?s={search_term_string}\"},\"query-input\":\"required name=search_term_string\"}],\"inLanguage\":\"de\"}]}<\/script>\n<!-- \/ Yoast SEO plugin. -->","yoast_head_json":{"title":"Kontakt - Parkowa Polana - apartamenty Polanica Zdr\u00f3j","description":"Masz pytania odno\u015bnie apartament\u00f3w Parkowa Polana? Skontaktuj si\u0119 z nami! Czekamy na Ciebie w Polanicy Zdroju!","robots":{"index":"noindex","follow":"follow","max-snippet":"max-snippet:-1","max-image-preview":"max-image-preview:large","max-video-preview":"max-video-preview:-1"},"og_locale":"de_DE","og_type":"article","og_title":"Kontakt - Parkowa Polana - apartamenty Polanica Zdr\u00f3j","og_description":"Masz pytania odno\u015bnie apartament\u00f3w Parkowa Polana? Skontaktuj si\u0119 z nami! Czekamy na Ciebie w Polanicy Zdroju!","og_url":"https:\/\/parkowapolana.nfhotel.usermd.net\/de\/kontakt\/","og_site_name":"Parkowa Polana - apartamenty Polanica Zdr\u00f3j","article_modified_time":"2024-03-04T12:06:06+00:00","og_image":[{"width":132,"height":120,"url":"https:\/\/parkowapolana.nfhotel.usermd.net\/wp-content\/uploads\/2024\/02\/logo3_130_1.png","type":"image\/png"}],"twitter_card":"summary_large_image","twitter_misc":{"Gesch\u00e4tzte Lesezeit":"1\u00a0Minute"},"schema":{"@context":"https:\/\/schema.org","@graph":[{"@type":"WebPage","@id":"https:\/\/parkowapolana.nfhotel.usermd.net\/kontakt\/","url":"https:\/\/parkowapolana.nfhotel.usermd.net\/kontakt\/","name":"Kontakt - Parkowa Polana - apartamenty Polanica Zdr\u00f3j","isPartOf":{"@id":"https:\/\/parkowapolana.nfhotel.usermd.net\/#website"},"datePublished":"2020-09-10T13:35:16+00:00","dateModified":"2024-03-04T12:06:06+00:00","description":"Masz pytania odno\u015bnie apartament\u00f3w Parkowa Polana? Skontaktuj si\u0119 z nami! Czekamy na Ciebie w Polanicy Zdroju!","breadcrumb":{"@id":"https:\/\/parkowapolana.nfhotel.usermd.net\/kontakt\/#breadcrumb"},"inLanguage":"de","potentialAction":[{"@type":"ReadAction","target":["https:\/\/parkowapolana.nfhotel.usermd.net\/kontakt\/"]}]},{"@type":"BreadcrumbList","@id":"https:\/\/parkowapolana.nfhotel.usermd.net\/kontakt\/#breadcrumb","itemListElement":[{"@type":"ListItem","position":1,"name":"Strona g\u0142\u00f3wna","item":"https:\/\/parkowapolana.nfhotel.usermd.net\/"},{"@type":"ListItem","position":2,"name":"Kontakt"}]},{"@type":"WebSite","@id":"https:\/\/parkowapolana.nfhotel.usermd.net\/#website","url":"https:\/\/parkowapolana.nfhotel.usermd.net\/","name":"Parkowa Polana - apartamenty Polanica Zdr\u00f3j","description":"Apartamenty w Polanicy Zdroju","potentialAction":[{"@type":"SearchAction","target":{"@type":"EntryPoint","urlTemplate":"https:\/\/parkowapolana.nfhotel.usermd.net\/?s={search_term_string}"},"query-input":"required name=search_term_string"}],"inLanguage":"de"}]}},"_links":{"self":[{"href":"https:\/\/parkowapolana.nfhotel.usermd.net\/de\/wp-json\/wp\/v2\/pages\/556"}],"collection":[{"href":"https:\/\/parkowapolana.nfhotel.usermd.net\/de\/wp-json\/wp\/v2\/pages"}],"about":[{"href":"https:\/\/parkowapolana.nfhotel.usermd.net\/de\/wp-json\/wp\/v2\/types\/page"}],"author":[{"embeddable":true,"href":"https:\/\/parkowapolana.nfhotel.usermd.net\/de\/wp-json\/wp\/v2\/users\/1"}],"replies":[{"embeddable":true,"href":"https:\/\/parkowapolana.nfhotel.usermd.net\/de\/wp-json\/wp\/v2\/comments?post=556"}],"version-history":[{"count":9,"href":"https:\/\/parkowapolana.nfhotel.usermd.net\/de\/wp-json\/wp\/v2\/pages\/556\/revisions"}],"predecessor-version":[{"id":1739,"href":"https:\/\/parkowapolana.nfhotel.usermd.net\/de\/wp-json\/wp\/v2\/pages\/556\/revisions\/1739"}],"wp:featuredmedia":[{"embeddable":true,"href":"https:\/\/parkowapolana.nfhotel.usermd.net\/de\/wp-json\/wp\/v2\/media\/1694"}],"wp:attachment":[{"href":"https:\/\/parkowapolana.nfhotel.usermd.net\/de\/wp-json\/wp\/v2\/media?parent=556"}],"curies":[{"name":"wp","href":"https:\/\/api.w.org\/{rel}","templated":true}]}}